{"id":19,"date":"2021-07-29T20:36:14","date_gmt":"2021-07-29T20:36:14","guid":{"rendered":"https:\/\/www.taxmio.com\/?page_id=19"},"modified":"2021-07-30T13:33:30","modified_gmt":"2021-07-30T13:33:30","slug":"terminos-y-condiciones","status":"publish","type":"page","link":"https:\/\/www.taxmio.com\/index.php\/terminos-y-condiciones\/","title":{"rendered":"Terminos y condiciones"},"content":{"rendered":"\n<p>En sumisi\u00f3n de esta forma, usted est\u00e1 de acuerdo con CMR Associates (aka Taxmio.com) temas y condiciones. Estos temas y condiciones pueden ser actualizados a cualquier momento.<\/p>\n\n\n\n<p>Adicionalmente, usted acuerda no demandar a CMR Associates y usted no ser\u00e1 parte de una demanda de class action.<\/p>\n\n\n\n<p>Adicionalmente, no somos responsables si el IRS no les da una devoluci\u00f3n o si hay alg\u00fan error en la documentaci\u00f3n que usted nos provee.<\/p>\n\n\n\n<p>Honorarios asociados con el transmitiendo ser\u00e1n deducidos de su cr\u00e9dito recibido. Honorarios son basados en el servicio realizado pero no exceden $500 por cada planilla 1040-PR.<\/p>\n\n\n\n<p>Los honorarios no ser\u00e1n cobrados si usted no recibe devoluci\u00f3n.<\/p>\n\n\n\n<p>CMR Associates y TaxMio no garantizan que usted reciba su dinero del IRS y CMR Associates no son responsables si hay alg\u00fan cambio en la ley.<\/p>\n","protected":false},"excerpt":{"rendered":"<p>En sumisi\u00f3n de esta forma, usted est\u00e1 de acuerdo con CMR Associates (aka Taxmio.com) temas y condiciones. Estos temas y condiciones pueden ser actualizados a cualquier momento. Adicionalmente, usted acuerda no demandar a CMR Associates y usted no ser\u00e1 parte de una demanda de class action. Adicionalmente, no somos responsables si el IRS no les [&hellip;]<\/p>\n","protected":false},"author":1,"featured_media":0,"parent":0,"menu_order":0,"comment_status":"closed","ping_status":"closed","template":"","meta":{"_genesis_hide_title":false,"_genesis_hide_breadcrumbs":false,"_genesis_hide_singular_image":false,"_genesis_hide_footer_widgets":false,"_genesis_custom_body_class":"","_genesis_custom_post_class":"","_genesis_layout":"","footnotes":""},"class_list":{"0":"post-19","1":"page","2":"type-page","3":"status-publish","5":"entry"},"featured_image_src":null,"featured_image_src_square":null,"_links":{"self":[{"href":"https:\/\/www.taxmio.com\/index.php\/wp-json\/wp\/v2\/pages\/19","targetHints":{"allow":["GET"]}}],"collection":[{"href":"https:\/\/www.taxmio.com\/index.php\/wp-json\/wp\/v2\/pages"}],"about":[{"href":"https:\/\/www.taxmio.com\/index.php\/wp-json\/wp\/v2\/types\/page"}],"author":[{"embeddable":true,"href":"https:\/\/www.taxmio.com\/index.php\/wp-json\/wp\/v2\/users\/1"}],"replies":[{"embeddable":true,"href":"https:\/\/www.taxmio.com\/index.php\/wp-json\/wp\/v2\/comments?post=19"}],"version-history":[{"count":2,"href":"https:\/\/www.taxmio.com\/index.php\/wp-json\/wp\/v2\/pages\/19\/revisions"}],"predecessor-version":[{"id":90,"href":"https:\/\/www.taxmio.com\/index.php\/wp-json\/wp\/v2\/pages\/19\/revisions\/90"}],"wp:attachment":[{"href":"https:\/\/www.taxmio.com\/index.php\/wp-json\/wp\/v2\/media?parent=19"}],"curies":[{"name":"wp","href":"https:\/\/api.w.org\/{rel}","templated":true}]}}